{"id":86,"date":"2025-05-02T20:49:36","date_gmt":"2025-05-02T20:49:36","guid":{"rendered":"https:\/\/tabahome.com.tr\/?page_id=86"},"modified":"2026-04-13T07:39:58","modified_gmt":"2026-04-13T07:39:58","slug":"iade-kosullari","status":"publish","type":"page","link":"https:\/\/tabahome.com.tr\/en\/return-conditions\/","title":{"rendered":"Return Conditions"},"content":{"rendered":"<p>RETURN TERMS<\/p>\n<p>1. Please open and check the packages that you think have been damaged during shipment in front of the cargo officer you have received. If there is any damage to the product, do not take delivery of the product by keeping a report to the cargo company. Please note that you have accepted that the cargo company has fully fulfilled its duty after the product is received.<\/p>\n<p>2. Returns of products with damaged or destroyed original packaging are not accepted.<br \/>\nThe shipping fee of the products returned in accordance with the above conditions is paid by the customer.<\/p>\n<p>Return Address<br \/>\nFirma : UG MOB\u0130LYA SANAY\u0130 T\u0130CARET L\u0130M\u0130TED \u015e\u0130RKET\u0130<br \/>\nAddress : Cumhuriyet Mh. Y\u0131ld\u0131r\u0131m Beyaz\u0131t Cd. Starwood Furniture Kent C Blok No:5, 16400 \u0130neg\u00f6l\/Bursa<br \/>\nTel : 0 850 532 8 222<br \/>\nFast Transport<br \/>\nAbout Us<br \/>\nContact us<br \/>\nSecure Shopping<br \/>\nPayment<br \/>\nDelivery<br \/>\nSecurity<br \/>\nReturn Conditions<\/p>","protected":false},"excerpt":{"rendered":"<p>RETURN CONDITIONS 1. Please open and check the packages that you think have been damaged during shipment in front of the cargo officer you received. If the product<\/p>","protected":false},"author":1,"featured_media":0,"parent":0,"menu_order":0,"comment_status":"closed","ping_status":"closed","template":"","meta":{"footnotes":""},"class_list":["post-86","page","type-page","status-publish","hentry"],"yoast_head":"<!-- This site is optimized with the Yoast SEO plugin v25.0 - https:\/\/yoast.com\/wordpress\/plugins\/seo\/ -->\n<title>\u0130ade Ko\u015fullar\u0131 - Taba Home<\/title>\n<meta name=\"robots\" content=\"index, follow, max-snippet:-1, max-image-preview:large, max-video-preview:-1\" \/>\n<link rel=\"canonical\" href=\"https:\/\/tabahome.com.tr\/en\/return-conditions\/\" \/>\n<meta property=\"og:locale\" content=\"en_GB\" \/>\n<meta property=\"og:type\" content=\"article\" \/>\n<meta property=\"og:title\" content=\"\u0130ade Ko\u015fullar\u0131 - Taba Home\" \/>\n<meta property=\"og:description\" content=\"\u0130ADE KO\u015eULLARI 1. Sevkiyat s\u0131ras\u0131nda zarar g\u00f6rd\u00fc\u011f\u00fcn\u00fc d\u00fc\u015f\u00fcnd\u00fc\u011f\u00fcn\u00fcz paketleri, l\u00fctfen teslim ald\u0131\u011f\u0131n\u0131z kargo yetkilisi \u00f6n\u00fcnde a\u00e7\u0131p kontrol ediniz. E\u011fer \u00fcr\u00fcnde\" \/>\n<meta property=\"og:url\" content=\"https:\/\/tabahome.com.tr\/en\/return-conditions\/\" \/>\n<meta property=\"og:site_name\" content=\"Taba Home\" \/>\n<meta property=\"article:modified_time\" content=\"2026-04-13T07:39:58+00:00\" \/>\n<meta name=\"twitter:card\" content=\"summary_large_image\" \/>\n<meta name=\"twitter:label1\" content=\"Estimated reading time\" \/>\n\t<meta name=\"twitter:data1\" content=\"1 minute\" \/>\n<script type=\"application\/ld+json\" class=\"yoast-schema-graph\">{\"@context\":\"https:\/\/schema.org\",\"@graph\":[{\"@type\":\"WebPage\",\"@id\":\"https:\/\/tabahome.com.tr\/iade-kosullari\/\",\"url\":\"https:\/\/tabahome.com.tr\/iade-kosullari\/\",\"name\":\"\u0130ade Ko\u015fullar\u0131 - Taba Home\",\"isPartOf\":{\"@id\":\"https:\/\/tabahome.com.tr\/#website\"},\"datePublished\":\"2025-05-02T20:49:36+00:00\",\"dateModified\":\"2026-04-13T07:39:58+00:00\",\"breadcrumb\":{\"@id\":\"https:\/\/tabahome.com.tr\/iade-kosullari\/#breadcrumb\"},\"inLanguage\":\"en-GB\",\"potentialAction\":[{\"@type\":\"ReadAction\",\"target\":[\"https:\/\/tabahome.com.tr\/iade-kosullari\/\"]}]},{\"@type\":\"BreadcrumbList\",\"@id\":\"https:\/\/tabahome.com.tr\/iade-kosullari\/#breadcrumb\",\"itemListElement\":[{\"@type\":\"ListItem\",\"position\":1,\"name\":\"Anasayfa\",\"item\":\"https:\/\/tabahome.com.tr\/\"},{\"@type\":\"ListItem\",\"position\":2,\"name\":\"\u0130ade Ko\u015fullar\u0131\"}]},{\"@type\":\"WebSite\",\"@id\":\"https:\/\/tabahome.com.tr\/#website\",\"url\":\"https:\/\/tabahome.com.tr\/\",\"name\":\"Taba Home\",\"description\":\"2025 Orta Sehpa Modelleri, Sehpa Modelleri, \u0130neg\u00f6l Mobilyas\u0131\",\"publisher\":{\"@id\":\"https:\/\/tabahome.com.tr\/#organization\"},\"potentialAction\":[{\"@type\":\"SearchAction\",\"target\":{\"@type\":\"EntryPoint\",\"urlTemplate\":\"https:\/\/tabahome.com.tr\/?s={search_term_string}\"},\"query-input\":{\"@type\":\"PropertyValueSpecification\",\"valueRequired\":true,\"valueName\":\"search_term_string\"}}],\"inLanguage\":\"en-GB\"},{\"@type\":\"Organization\",\"@id\":\"https:\/\/tabahome.com.tr\/#organization\",\"name\":\"Taba Home\",\"url\":\"https:\/\/tabahome.com.tr\/\",\"logo\":{\"@type\":\"ImageObject\",\"inLanguage\":\"en-GB\",\"@id\":\"https:\/\/tabahome.com.tr\/#\/schema\/logo\/image\/\",\"url\":\"https:\/\/tabahome.com.tr\/wp-content\/uploads\/2025\/05\/taba-home-logo.svg\",\"contentUrl\":\"https:\/\/tabahome.com.tr\/wp-content\/uploads\/2025\/05\/taba-home-logo.svg\",\"width\":1192,\"height\":551,\"caption\":\"Taba Home\"},\"image\":{\"@id\":\"https:\/\/tabahome.com.tr\/#\/schema\/logo\/image\/\"}}]}<\/script>\n<!-- \/ Yoast SEO plugin. -->","yoast_head_json":{"title":"\u0130ade Ko\u015fullar\u0131 - Taba Home","robots":{"index":"index","follow":"follow","max-snippet":"max-snippet:-1","max-image-preview":"max-image-preview:large","max-video-preview":"max-video-preview:-1"},"canonical":"https:\/\/tabahome.com.tr\/en\/return-conditions\/","og_locale":"en_GB","og_type":"article","og_title":"\u0130ade Ko\u015fullar\u0131 - Taba Home","og_description":"\u0130ADE KO\u015eULLARI 1. Sevkiyat s\u0131ras\u0131nda zarar g\u00f6rd\u00fc\u011f\u00fcn\u00fc d\u00fc\u015f\u00fcnd\u00fc\u011f\u00fcn\u00fcz paketleri, l\u00fctfen teslim ald\u0131\u011f\u0131n\u0131z kargo yetkilisi \u00f6n\u00fcnde a\u00e7\u0131p kontrol ediniz. E\u011fer \u00fcr\u00fcnde","og_url":"https:\/\/tabahome.com.tr\/en\/return-conditions\/","og_site_name":"Taba Home","article_modified_time":"2026-04-13T07:39:58+00:00","twitter_card":"summary_large_image","twitter_misc":{"Estimated reading time":"1 minute"},"schema":{"@context":"https:\/\/schema.org","@graph":[{"@type":"WebPage","@id":"https:\/\/tabahome.com.tr\/iade-kosullari\/","url":"https:\/\/tabahome.com.tr\/iade-kosullari\/","name":"\u0130ade Ko\u015fullar\u0131 - Taba Home","isPartOf":{"@id":"https:\/\/tabahome.com.tr\/#website"},"datePublished":"2025-05-02T20:49:36+00:00","dateModified":"2026-04-13T07:39:58+00:00","breadcrumb":{"@id":"https:\/\/tabahome.com.tr\/iade-kosullari\/#breadcrumb"},"inLanguage":"en-GB","potentialAction":[{"@type":"ReadAction","target":["https:\/\/tabahome.com.tr\/iade-kosullari\/"]}]},{"@type":"BreadcrumbList","@id":"https:\/\/tabahome.com.tr\/iade-kosullari\/#breadcrumb","itemListElement":[{"@type":"ListItem","position":1,"name":"Anasayfa","item":"https:\/\/tabahome.com.tr\/"},{"@type":"ListItem","position":2,"name":"\u0130ade Ko\u015fullar\u0131"}]},{"@type":"WebSite","@id":"https:\/\/tabahome.com.tr\/#website","url":"https:\/\/tabahome.com.tr\/","name":"Taba Home","description":"2025 Orta Sehpa Modelleri, Sehpa Modelleri, \u0130neg\u00f6l Mobilyas\u0131","publisher":{"@id":"https:\/\/tabahome.com.tr\/#organization"},"potentialAction":[{"@type":"SearchAction","target":{"@type":"EntryPoint","urlTemplate":"https:\/\/tabahome.com.tr\/?s={search_term_string}"},"query-input":{"@type":"PropertyValueSpecification","valueRequired":true,"valueName":"search_term_string"}}],"inLanguage":"en-GB"},{"@type":"Organization","@id":"https:\/\/tabahome.com.tr\/#organization","name":"Taba Home","url":"https:\/\/tabahome.com.tr\/","logo":{"@type":"ImageObject","inLanguage":"en-GB","@id":"https:\/\/tabahome.com.tr\/#\/schema\/logo\/image\/","url":"https:\/\/tabahome.com.tr\/wp-content\/uploads\/2025\/05\/taba-home-logo.svg","contentUrl":"https:\/\/tabahome.com.tr\/wp-content\/uploads\/2025\/05\/taba-home-logo.svg","width":1192,"height":551,"caption":"Taba Home"},"image":{"@id":"https:\/\/tabahome.com.tr\/#\/schema\/logo\/image\/"}}]}},"_links":{"self":[{"href":"https:\/\/tabahome.com.tr\/en\/wp-json\/wp\/v2\/pages\/86","targetHints":{"allow":["GET"]}}],"collection":[{"href":"https:\/\/tabahome.com.tr\/en\/wp-json\/wp\/v2\/pages"}],"about":[{"href":"https:\/\/tabahome.com.tr\/en\/wp-json\/wp\/v2\/types\/page"}],"author":[{"embeddable":true,"href":"https:\/\/tabahome.com.tr\/en\/wp-json\/wp\/v2\/users\/1"}],"replies":[{"embeddable":true,"href":"https:\/\/tabahome.com.tr\/en\/wp-json\/wp\/v2\/comments?post=86"}],"version-history":[{"count":3,"href":"https:\/\/tabahome.com.tr\/en\/wp-json\/wp\/v2\/pages\/86\/revisions"}],"predecessor-version":[{"id":2374,"href":"https:\/\/tabahome.com.tr\/en\/wp-json\/wp\/v2\/pages\/86\/revisions\/2374"}],"wp:attachment":[{"href":"https:\/\/tabahome.com.tr\/en\/wp-json\/wp\/v2\/media?parent=86"}],"curies":[{"name":"wp","href":"https:\/\/api.w.org\/{rel}","templated":true}]}}