{"id":2098,"date":"2025-05-03T13:14:47","date_gmt":"2025-05-03T13:14:47","guid":{"rendered":"https:\/\/tabahome.com.tr\/urun\/lima-kitaplik\/"},"modified":"2025-05-03T13:14:47","modified_gmt":"2025-05-03T13:14:47","slug":"lima-kitaplik","status":"publish","type":"product","link":"https:\/\/tabahome.com.tr\/en\/product\/lima-bookcase\/","title":{"rendered":"Lima Bookshelf"},"content":{"rendered":"<p>The oven painted bookcase with metal body will add elegance and functionality to your home. It includes two storage drawers, oak veneer MDF shelves, laser engraved doors, so it is ideal for book collections or exhibition shelves.<\/p>\n<table class=\"spec\">\n<tr>\n<td><strong>Colour<\/strong><\/td>\n<td>Oak<\/td>\n<\/tr>\n<tr>\n<td><strong>Foot Load<\/strong><\/td>\n<td>180 cm<\/td>\n<\/tr>\n<tr>\n<td><strong>Guarantee<\/strong><\/td>\n<td>2 Years<\/td>\n<\/tr>\n<\/table>","protected":false},"excerpt":{"rendered":"<p>The oven painted bookcase with metal body will add elegance and functionality to your home. Two storage drawers, oak veneered MDF shelves, laser engraved doors<\/p>","protected":false},"featured_media":1295,"template":"","meta":[],"product_brand":[],"product_cat":[32],"product_tag":[],"class_list":{"0":"post-2098","1":"product","2":"type-product","3":"status-publish","4":"has-post-thumbnail","6":"product_cat-kitaplik","8":"first","9":"instock","10":"shipping-taxable","11":"product-type-simple"},"yoast_head":"<!-- This site is optimized with the Yoast SEO plugin v25.0 - https:\/\/yoast.com\/wordpress\/plugins\/seo\/ -->\n<title>Lima Kitapl\u0131k - Taba Home<\/title>\n<meta name=\"robots\" content=\"index, follow, max-snippet:-1, max-image-preview:large, max-video-preview:-1\" \/>\n<link rel=\"canonical\" href=\"https:\/\/tabahome.com.tr\/en\/product\/lima-bookcase\/\" \/>\n<meta property=\"og:locale\" content=\"en_GB\" \/>\n<meta property=\"og:type\" content=\"article\" \/>\n<meta property=\"og:title\" content=\"Lima Kitapl\u0131k - Taba Home\" \/>\n<meta property=\"og:description\" content=\"Metal g\u00f6vdeli, f\u0131r\u0131n boyal\u0131 kitapl\u0131k, evinize zarafet ve i\u015flevsellik katacakt\u0131r. \u0130ki depolama \u00e7ekmecesi, me\u015fe kaplama MDF raflar, lazer oymal\u0131 kapaklar\" \/>\n<meta property=\"og:url\" content=\"https:\/\/tabahome.com.tr\/en\/product\/lima-bookcase\/\" \/>\n<meta property=\"og:site_name\" content=\"Taba Home\" \/>\n<meta name=\"twitter:card\" content=\"summary_large_image\" \/>\n<script type=\"application\/ld+json\" class=\"yoast-schema-graph\">{\"@context\":\"https:\/\/schema.org\",\"@graph\":[{\"@type\":\"WebPage\",\"@id\":\"https:\/\/tabahome.com.tr\/urun\/lima-kitaplik\/\",\"url\":\"https:\/\/tabahome.com.tr\/urun\/lima-kitaplik\/\",\"name\":\"Lima Kitapl\u0131k - Taba Home\",\"isPartOf\":{\"@id\":\"https:\/\/tabahome.com.tr\/#website\"},\"primaryImageOfPage\":{\"@id\":\"https:\/\/tabahome.com.tr\/urun\/lima-kitaplik\/#primaryimage\"},\"image\":{\"@id\":\"https:\/\/tabahome.com.tr\/urun\/lima-kitaplik\/#primaryimage\"},\"thumbnailUrl\":\"https:\/\/tabahome.com.tr\/wp-content\/uploads\/2025\/05\/02052025681552ae4a560.jpeg\",\"datePublished\":\"2025-05-03T13:14:47+00:00\",\"breadcrumb\":{\"@id\":\"https:\/\/tabahome.com.tr\/urun\/lima-kitaplik\/#breadcrumb\"},\"inLanguage\":\"en-GB\",\"potentialAction\":[{\"@type\":\"ReadAction\",\"target\":[\"https:\/\/tabahome.com.tr\/urun\/lima-kitaplik\/\"]}]},{\"@type\":\"ImageObject\",\"inLanguage\":\"en-GB\",\"@id\":\"https:\/\/tabahome.com.tr\/urun\/lima-kitaplik\/#primaryimage\",\"url\":\"https:\/\/tabahome.com.tr\/wp-content\/uploads\/2025\/05\/02052025681552ae4a560.jpeg\",\"contentUrl\":\"https:\/\/tabahome.com.tr\/wp-content\/uploads\/2025\/05\/02052025681552ae4a560.jpeg\",\"width\":692,\"height\":1353},{\"@type\":\"BreadcrumbList\",\"@id\":\"https:\/\/tabahome.com.tr\/urun\/lima-kitaplik\/#breadcrumb\",\"itemListElement\":[{\"@type\":\"ListItem\",\"position\":1,\"name\":\"Anasayfa\",\"item\":\"https:\/\/tabahome.com.tr\/\"},{\"@type\":\"ListItem\",\"position\":2,\"name\":\"Ma\u011faza\",\"item\":\"https:\/\/tabahome.com.tr\/magaza\/\"},{\"@type\":\"ListItem\",\"position\":3,\"name\":\"Lima Kitapl\u0131k\"}]},{\"@type\":\"WebSite\",\"@id\":\"https:\/\/tabahome.com.tr\/#website\",\"url\":\"https:\/\/tabahome.com.tr\/\",\"name\":\"Taba Home\",\"description\":\"2025 Orta Sehpa Modelleri, Sehpa Modelleri, \u0130neg\u00f6l Mobilyas\u0131\",\"publisher\":{\"@id\":\"https:\/\/tabahome.com.tr\/#organization\"},\"potentialAction\":[{\"@type\":\"SearchAction\",\"target\":{\"@type\":\"EntryPoint\",\"urlTemplate\":\"https:\/\/tabahome.com.tr\/?s={search_term_string}\"},\"query-input\":{\"@type\":\"PropertyValueSpecification\",\"valueRequired\":true,\"valueName\":\"search_term_string\"}}],\"inLanguage\":\"en-GB\"},{\"@type\":\"Organization\",\"@id\":\"https:\/\/tabahome.com.tr\/#organization\",\"name\":\"Taba Home\",\"url\":\"https:\/\/tabahome.com.tr\/\",\"logo\":{\"@type\":\"ImageObject\",\"inLanguage\":\"en-GB\",\"@id\":\"https:\/\/tabahome.com.tr\/#\/schema\/logo\/image\/\",\"url\":\"https:\/\/tabahome.com.tr\/wp-content\/uploads\/2025\/05\/taba-home-logo.svg\",\"contentUrl\":\"https:\/\/tabahome.com.tr\/wp-content\/uploads\/2025\/05\/taba-home-logo.svg\",\"width\":1192,\"height\":551,\"caption\":\"Taba Home\"},\"image\":{\"@id\":\"https:\/\/tabahome.com.tr\/#\/schema\/logo\/image\/\"}}]}<\/script>\n<!-- \/ Yoast SEO plugin. -->","yoast_head_json":{"title":"Lima Kitapl\u0131k - Taba Home","robots":{"index":"index","follow":"follow","max-snippet":"max-snippet:-1","max-image-preview":"max-image-preview:large","max-video-preview":"max-video-preview:-1"},"canonical":"https:\/\/tabahome.com.tr\/en\/product\/lima-bookcase\/","og_locale":"en_GB","og_type":"article","og_title":"Lima Kitapl\u0131k - Taba Home","og_description":"Metal g\u00f6vdeli, f\u0131r\u0131n boyal\u0131 kitapl\u0131k, evinize zarafet ve i\u015flevsellik katacakt\u0131r. \u0130ki depolama \u00e7ekmecesi, me\u015fe kaplama MDF raflar, lazer oymal\u0131 kapaklar","og_url":"https:\/\/tabahome.com.tr\/en\/product\/lima-bookcase\/","og_site_name":"Taba Home","twitter_card":"summary_large_image","schema":{"@context":"https:\/\/schema.org","@graph":[{"@type":"WebPage","@id":"https:\/\/tabahome.com.tr\/urun\/lima-kitaplik\/","url":"https:\/\/tabahome.com.tr\/urun\/lima-kitaplik\/","name":"Lima Kitapl\u0131k - Taba Home","isPartOf":{"@id":"https:\/\/tabahome.com.tr\/#website"},"primaryImageOfPage":{"@id":"https:\/\/tabahome.com.tr\/urun\/lima-kitaplik\/#primaryimage"},"image":{"@id":"https:\/\/tabahome.com.tr\/urun\/lima-kitaplik\/#primaryimage"},"thumbnailUrl":"https:\/\/tabahome.com.tr\/wp-content\/uploads\/2025\/05\/02052025681552ae4a560.jpeg","datePublished":"2025-05-03T13:14:47+00:00","breadcrumb":{"@id":"https:\/\/tabahome.com.tr\/urun\/lima-kitaplik\/#breadcrumb"},"inLanguage":"en-GB","potentialAction":[{"@type":"ReadAction","target":["https:\/\/tabahome.com.tr\/urun\/lima-kitaplik\/"]}]},{"@type":"ImageObject","inLanguage":"en-GB","@id":"https:\/\/tabahome.com.tr\/urun\/lima-kitaplik\/#primaryimage","url":"https:\/\/tabahome.com.tr\/wp-content\/uploads\/2025\/05\/02052025681552ae4a560.jpeg","contentUrl":"https:\/\/tabahome.com.tr\/wp-content\/uploads\/2025\/05\/02052025681552ae4a560.jpeg","width":692,"height":1353},{"@type":"BreadcrumbList","@id":"https:\/\/tabahome.com.tr\/urun\/lima-kitaplik\/#breadcrumb","itemListElement":[{"@type":"ListItem","position":1,"name":"Anasayfa","item":"https:\/\/tabahome.com.tr\/"},{"@type":"ListItem","position":2,"name":"Ma\u011faza","item":"https:\/\/tabahome.com.tr\/magaza\/"},{"@type":"ListItem","position":3,"name":"Lima Kitapl\u0131k"}]},{"@type":"WebSite","@id":"https:\/\/tabahome.com.tr\/#website","url":"https:\/\/tabahome.com.tr\/","name":"Taba Home","description":"2025 Orta Sehpa Modelleri, Sehpa Modelleri, \u0130neg\u00f6l Mobilyas\u0131","publisher":{"@id":"https:\/\/tabahome.com.tr\/#organization"},"potentialAction":[{"@type":"SearchAction","target":{"@type":"EntryPoint","urlTemplate":"https:\/\/tabahome.com.tr\/?s={search_term_string}"},"query-input":{"@type":"PropertyValueSpecification","valueRequired":true,"valueName":"search_term_string"}}],"inLanguage":"en-GB"},{"@type":"Organization","@id":"https:\/\/tabahome.com.tr\/#organization","name":"Taba Home","url":"https:\/\/tabahome.com.tr\/","logo":{"@type":"ImageObject","inLanguage":"en-GB","@id":"https:\/\/tabahome.com.tr\/#\/schema\/logo\/image\/","url":"https:\/\/tabahome.com.tr\/wp-content\/uploads\/2025\/05\/taba-home-logo.svg","contentUrl":"https:\/\/tabahome.com.tr\/wp-content\/uploads\/2025\/05\/taba-home-logo.svg","width":1192,"height":551,"caption":"Taba Home"},"image":{"@id":"https:\/\/tabahome.com.tr\/#\/schema\/logo\/image\/"}}]}},"_links":{"self":[{"href":"https:\/\/tabahome.com.tr\/en\/wp-json\/wp\/v2\/product\/2098","targetHints":{"allow":["GET"]}}],"collection":[{"href":"https:\/\/tabahome.com.tr\/en\/wp-json\/wp\/v2\/product"}],"about":[{"href":"https:\/\/tabahome.com.tr\/en\/wp-json\/wp\/v2\/types\/product"}],"wp:featuredmedia":[{"embeddable":true,"href":"https:\/\/tabahome.com.tr\/en\/wp-json\/wp\/v2\/media\/1295"}],"wp:attachment":[{"href":"https:\/\/tabahome.com.tr\/en\/wp-json\/wp\/v2\/media?parent=2098"}],"wp:term":[{"taxonomy":"product_brand","embeddable":true,"href":"https:\/\/tabahome.com.tr\/en\/wp-json\/wp\/v2\/product_brand?post=2098"},{"taxonomy":"product_cat","embeddable":true,"href":"https:\/\/tabahome.com.tr\/en\/wp-json\/wp\/v2\/product_cat?post=2098"},{"taxonomy":"product_tag","embeddable":true,"href":"https:\/\/tabahome.com.tr\/en\/wp-json\/wp\/v2\/product_tag?post=2098"}],"curies":[{"name":"wp","href":"https:\/\/api.w.org\/{rel}","templated":true}]}}