{"id":2145,"date":"2025-05-03T13:15:12","date_gmt":"2025-05-03T13:15:12","guid":{"rendered":"https:\/\/tabahome.com.tr\/urun\/neptun-orta-sehpa\/"},"modified":"2026-04-11T19:21:33","modified_gmt":"2026-04-11T19:21:33","slug":"neptun-orta-sehpa","status":"publish","type":"product","link":"https:\/\/tabahome.com.tr\/en\/product\/neptun-centre-coffee-table\/","title":{"rendered":"Neptune Middle Coffee Table"},"content":{"rendered":"<p>A functional and stylish centre table, consisting of 4 pieces: 3 square pieces with 4mm tempered glass tops and metal legs and 1 marbleised cylinder module with smoked mirror top.<\/p>\n<table class=\"spec\">\n<tr>\n<td><strong>Colour<\/strong><\/td>\n<td>Brass<\/td>\n<\/tr>\n<tr>\n<td><strong>Foot Load<\/strong><\/td>\n<td>45 cm<\/td>\n<\/tr>\n<tr>\n<td><strong>Guarantee<\/strong><\/td>\n<td>2 Years<\/td>\n<\/tr>\n<\/table>","protected":false},"excerpt":{"rendered":"<p>A functional and stylish centre table, consisting of 4 pieces: 3 square pieces with 4mm tempered glass tops and metal legs<\/p>","protected":false},"featured_media":1266,"template":"","meta":[],"product_brand":[],"product_cat":[25],"product_tag":[],"class_list":{"0":"post-2145","1":"product","2":"type-product","3":"status-publish","4":"has-post-thumbnail","6":"product_cat-orta-sehpa","8":"first","9":"instock","10":"shipping-taxable","11":"purchasable","12":"product-type-simple"},"yoast_head":"<!-- This site is optimized with the Yoast SEO plugin v25.0 - https:\/\/yoast.com\/wordpress\/plugins\/seo\/ -->\n<title>Nept\u00fcn Orta Sehpa - Taba Home<\/title>\n<meta name=\"robots\" content=\"index, follow, max-snippet:-1, max-image-preview:large, max-video-preview:-1\" \/>\n<link rel=\"canonical\" href=\"https:\/\/tabahome.com.tr\/en\/product\/neptun-centre-coffee-table\/\" \/>\n<meta property=\"og:locale\" content=\"en_GB\" \/>\n<meta property=\"og:type\" content=\"article\" \/>\n<meta property=\"og:title\" content=\"Nept\u00fcn Orta Sehpa - Taba Home\" \/>\n<meta property=\"og:description\" content=\"Fonksiyonel ve \u015f\u0131k bir orta sehpa, 4 par\u00e7adan olu\u015fuyor: 4mm temperli cam \u00fcstlere ve metal ayaklara sahip 3 kare par\u00e7a\" \/>\n<meta property=\"og:url\" content=\"https:\/\/tabahome.com.tr\/en\/product\/neptun-centre-coffee-table\/\" \/>\n<meta property=\"og:site_name\" content=\"Taba Home\" \/>\n<meta property=\"article:modified_time\" content=\"2026-04-11T19:21:33+00:00\" \/>\n<meta name=\"twitter:card\" content=\"summary_large_image\" \/>\n<script type=\"application\/ld+json\" class=\"yoast-schema-graph\">{\"@context\":\"https:\/\/schema.org\",\"@graph\":[{\"@type\":\"WebPage\",\"@id\":\"https:\/\/tabahome.com.tr\/urun\/neptun-orta-sehpa\/\",\"url\":\"https:\/\/tabahome.com.tr\/urun\/neptun-orta-sehpa\/\",\"name\":\"Nept\u00fcn Orta Sehpa - Taba Home\",\"isPartOf\":{\"@id\":\"https:\/\/tabahome.com.tr\/#website\"},\"primaryImageOfPage\":{\"@id\":\"https:\/\/tabahome.com.tr\/urun\/neptun-orta-sehpa\/#primaryimage\"},\"image\":{\"@id\":\"https:\/\/tabahome.com.tr\/urun\/neptun-orta-sehpa\/#primaryimage\"},\"thumbnailUrl\":\"https:\/\/tabahome.com.tr\/wp-content\/uploads\/2025\/05\/020520256815527d83c6b.jpeg\",\"datePublished\":\"2025-05-03T13:15:12+00:00\",\"dateModified\":\"2026-04-11T19:21:33+00:00\",\"breadcrumb\":{\"@id\":\"https:\/\/tabahome.com.tr\/urun\/neptun-orta-sehpa\/#breadcrumb\"},\"inLanguage\":\"en-GB\",\"potentialAction\":[{\"@type\":\"ReadAction\",\"target\":[\"https:\/\/tabahome.com.tr\/urun\/neptun-orta-sehpa\/\"]}]},{\"@type\":\"ImageObject\",\"inLanguage\":\"en-GB\",\"@id\":\"https:\/\/tabahome.com.tr\/urun\/neptun-orta-sehpa\/#primaryimage\",\"url\":\"https:\/\/tabahome.com.tr\/wp-content\/uploads\/2025\/05\/020520256815527d83c6b.jpeg\",\"contentUrl\":\"https:\/\/tabahome.com.tr\/wp-content\/uploads\/2025\/05\/020520256815527d83c6b.jpeg\",\"width\":1600,\"height\":1510},{\"@type\":\"BreadcrumbList\",\"@id\":\"https:\/\/tabahome.com.tr\/urun\/neptun-orta-sehpa\/#breadcrumb\",\"itemListElement\":[{\"@type\":\"ListItem\",\"position\":1,\"name\":\"Anasayfa\",\"item\":\"https:\/\/tabahome.com.tr\/\"},{\"@type\":\"ListItem\",\"position\":2,\"name\":\"Ma\u011faza\",\"item\":\"https:\/\/tabahome.com.tr\/magaza\/\"},{\"@type\":\"ListItem\",\"position\":3,\"name\":\"Nept\u00fcn Orta Sehpa\"}]},{\"@type\":\"WebSite\",\"@id\":\"https:\/\/tabahome.com.tr\/#website\",\"url\":\"https:\/\/tabahome.com.tr\/\",\"name\":\"Taba Home\",\"description\":\"2025 Orta Sehpa Modelleri, Sehpa Modelleri, \u0130neg\u00f6l Mobilyas\u0131\",\"publisher\":{\"@id\":\"https:\/\/tabahome.com.tr\/#organization\"},\"potentialAction\":[{\"@type\":\"SearchAction\",\"target\":{\"@type\":\"EntryPoint\",\"urlTemplate\":\"https:\/\/tabahome.com.tr\/?s={search_term_string}\"},\"query-input\":{\"@type\":\"PropertyValueSpecification\",\"valueRequired\":true,\"valueName\":\"search_term_string\"}}],\"inLanguage\":\"en-GB\"},{\"@type\":\"Organization\",\"@id\":\"https:\/\/tabahome.com.tr\/#organization\",\"name\":\"Taba Home\",\"url\":\"https:\/\/tabahome.com.tr\/\",\"logo\":{\"@type\":\"ImageObject\",\"inLanguage\":\"en-GB\",\"@id\":\"https:\/\/tabahome.com.tr\/#\/schema\/logo\/image\/\",\"url\":\"https:\/\/tabahome.com.tr\/wp-content\/uploads\/2025\/05\/taba-home-logo.svg\",\"contentUrl\":\"https:\/\/tabahome.com.tr\/wp-content\/uploads\/2025\/05\/taba-home-logo.svg\",\"width\":1192,\"height\":551,\"caption\":\"Taba Home\"},\"image\":{\"@id\":\"https:\/\/tabahome.com.tr\/#\/schema\/logo\/image\/\"}}]}<\/script>\n<!-- \/ Yoast SEO plugin. -->","yoast_head_json":{"title":"Nept\u00fcn Orta Sehpa - Taba Home","robots":{"index":"index","follow":"follow","max-snippet":"max-snippet:-1","max-image-preview":"max-image-preview:large","max-video-preview":"max-video-preview:-1"},"canonical":"https:\/\/tabahome.com.tr\/en\/product\/neptun-centre-coffee-table\/","og_locale":"en_GB","og_type":"article","og_title":"Nept\u00fcn Orta Sehpa - Taba Home","og_description":"Fonksiyonel ve \u015f\u0131k bir orta sehpa, 4 par\u00e7adan olu\u015fuyor: 4mm temperli cam \u00fcstlere ve metal ayaklara sahip 3 kare par\u00e7a","og_url":"https:\/\/tabahome.com.tr\/en\/product\/neptun-centre-coffee-table\/","og_site_name":"Taba Home","article_modified_time":"2026-04-11T19:21:33+00:00","twitter_card":"summary_large_image","schema":{"@context":"https:\/\/schema.org","@graph":[{"@type":"WebPage","@id":"https:\/\/tabahome.com.tr\/urun\/neptun-orta-sehpa\/","url":"https:\/\/tabahome.com.tr\/urun\/neptun-orta-sehpa\/","name":"Nept\u00fcn Orta Sehpa - Taba Home","isPartOf":{"@id":"https:\/\/tabahome.com.tr\/#website"},"primaryImageOfPage":{"@id":"https:\/\/tabahome.com.tr\/urun\/neptun-orta-sehpa\/#primaryimage"},"image":{"@id":"https:\/\/tabahome.com.tr\/urun\/neptun-orta-sehpa\/#primaryimage"},"thumbnailUrl":"https:\/\/tabahome.com.tr\/wp-content\/uploads\/2025\/05\/020520256815527d83c6b.jpeg","datePublished":"2025-05-03T13:15:12+00:00","dateModified":"2026-04-11T19:21:33+00:00","breadcrumb":{"@id":"https:\/\/tabahome.com.tr\/urun\/neptun-orta-sehpa\/#breadcrumb"},"inLanguage":"en-GB","potentialAction":[{"@type":"ReadAction","target":["https:\/\/tabahome.com.tr\/urun\/neptun-orta-sehpa\/"]}]},{"@type":"ImageObject","inLanguage":"en-GB","@id":"https:\/\/tabahome.com.tr\/urun\/neptun-orta-sehpa\/#primaryimage","url":"https:\/\/tabahome.com.tr\/wp-content\/uploads\/2025\/05\/020520256815527d83c6b.jpeg","contentUrl":"https:\/\/tabahome.com.tr\/wp-content\/uploads\/2025\/05\/020520256815527d83c6b.jpeg","width":1600,"height":1510},{"@type":"BreadcrumbList","@id":"https:\/\/tabahome.com.tr\/urun\/neptun-orta-sehpa\/#breadcrumb","itemListElement":[{"@type":"ListItem","position":1,"name":"Anasayfa","item":"https:\/\/tabahome.com.tr\/"},{"@type":"ListItem","position":2,"name":"Ma\u011faza","item":"https:\/\/tabahome.com.tr\/magaza\/"},{"@type":"ListItem","position":3,"name":"Nept\u00fcn Orta Sehpa"}]},{"@type":"WebSite","@id":"https:\/\/tabahome.com.tr\/#website","url":"https:\/\/tabahome.com.tr\/","name":"Taba Home","description":"2025 Orta Sehpa Modelleri, Sehpa Modelleri, \u0130neg\u00f6l Mobilyas\u0131","publisher":{"@id":"https:\/\/tabahome.com.tr\/#organization"},"potentialAction":[{"@type":"SearchAction","target":{"@type":"EntryPoint","urlTemplate":"https:\/\/tabahome.com.tr\/?s={search_term_string}"},"query-input":{"@type":"PropertyValueSpecification","valueRequired":true,"valueName":"search_term_string"}}],"inLanguage":"en-GB"},{"@type":"Organization","@id":"https:\/\/tabahome.com.tr\/#organization","name":"Taba Home","url":"https:\/\/tabahome.com.tr\/","logo":{"@type":"ImageObject","inLanguage":"en-GB","@id":"https:\/\/tabahome.com.tr\/#\/schema\/logo\/image\/","url":"https:\/\/tabahome.com.tr\/wp-content\/uploads\/2025\/05\/taba-home-logo.svg","contentUrl":"https:\/\/tabahome.com.tr\/wp-content\/uploads\/2025\/05\/taba-home-logo.svg","width":1192,"height":551,"caption":"Taba Home"},"image":{"@id":"https:\/\/tabahome.com.tr\/#\/schema\/logo\/image\/"}}]}},"_links":{"self":[{"href":"https:\/\/tabahome.com.tr\/en\/wp-json\/wp\/v2\/product\/2145","targetHints":{"allow":["GET"]}}],"collection":[{"href":"https:\/\/tabahome.com.tr\/en\/wp-json\/wp\/v2\/product"}],"about":[{"href":"https:\/\/tabahome.com.tr\/en\/wp-json\/wp\/v2\/types\/product"}],"wp:featuredmedia":[{"embeddable":true,"href":"https:\/\/tabahome.com.tr\/en\/wp-json\/wp\/v2\/media\/1266"}],"wp:attachment":[{"href":"https:\/\/tabahome.com.tr\/en\/wp-json\/wp\/v2\/media?parent=2145"}],"wp:term":[{"taxonomy":"product_brand","embeddable":true,"href":"https:\/\/tabahome.com.tr\/en\/wp-json\/wp\/v2\/product_brand?post=2145"},{"taxonomy":"product_cat","embeddable":true,"href":"https:\/\/tabahome.com.tr\/en\/wp-json\/wp\/v2\/product_cat?post=2145"},{"taxonomy":"product_tag","embeddable":true,"href":"https:\/\/tabahome.com.tr\/en\/wp-json\/wp\/v2\/product_tag?post=2145"}],"curies":[{"name":"wp","href":"https:\/\/api.w.org\/{rel}","templated":true}]}}