{"id":2193,"date":"2025-05-03T13:15:37","date_gmt":"2025-05-03T13:15:37","guid":{"rendered":"https:\/\/tabahome.com.tr\/urun\/elise-lambader\/"},"modified":"2026-04-15T11:33:40","modified_gmt":"2026-04-15T11:33:40","slug":"elise-lambader","status":"publish","type":"product","link":"https:\/\/tabahome.com.tr\/en\/product\/elise-floor-lamp\/","title":{"rendered":"Elise Floor Lamp"},"content":{"rendered":"<p>Our travertine base lamp has a stylish and modern design. It offers both durability and elegance with its brass coloured metal body and fabric lamp head.<\/p>\n<table class=\"spec\">\n<tr>\n<td><strong>Colour<\/strong><\/td>\n<td>Rice<\/td>\n<\/tr>\n<tr>\n<td><strong>Foot Load<\/strong><\/td>\n<td>167 cm<\/td>\n<\/tr>\n<tr>\n<td><strong>Guarantee<\/strong><\/td>\n<td>2 Years<\/td>\n<\/tr>\n<\/table>","protected":false},"excerpt":{"rendered":"<p>Our travertine base lamp has a stylish and modern design. Brass coloured metal body and fabric lamp head for durability.<\/p>","protected":false},"featured_media":414,"template":"","meta":[],"product_brand":[],"product_cat":[29],"product_tag":[],"class_list":{"0":"post-2193","1":"product","2":"type-product","3":"status-publish","4":"has-post-thumbnail","6":"product_cat-lambader","8":"first","9":"instock","10":"shipping-taxable","11":"purchasable","12":"product-type-simple"},"yoast_head":"<!-- This site is optimized with the Yoast SEO plugin v25.0 - https:\/\/yoast.com\/wordpress\/plugins\/seo\/ -->\n<title>Elise Lambader - Taba Home<\/title>\n<meta name=\"robots\" content=\"index, follow, max-snippet:-1, max-image-preview:large, max-video-preview:-1\" \/>\n<link rel=\"canonical\" href=\"https:\/\/tabahome.com.tr\/en\/product\/elise-floor-lamp\/\" \/>\n<meta property=\"og:locale\" content=\"en_GB\" \/>\n<meta property=\"og:type\" content=\"article\" \/>\n<meta property=\"og:title\" content=\"Elise Lambader - Taba Home\" \/>\n<meta property=\"og:description\" content=\"Traverten taban lambam\u0131z, \u015f\u0131k ve modern bir tasar\u0131ma sahiptir. Pirin\u00e7 renkte metal g\u00f6vde ve kuma\u015f lamba ba\u015fl\u0131\u011f\u0131 ile hem dayan\u0131kl\u0131l\u0131k\" \/>\n<meta property=\"og:url\" content=\"https:\/\/tabahome.com.tr\/en\/product\/elise-floor-lamp\/\" \/>\n<meta property=\"og:site_name\" content=\"Taba Home\" \/>\n<meta property=\"article:modified_time\" content=\"2026-04-15T11:33:40+00:00\" \/>\n<meta property=\"og:image\" content=\"https:\/\/tabahome.com.tr\/wp-content\/uploads\/2025\/05\/0205202568154c4be3d19.jpeg\" \/>\n\t<meta property=\"og:image:width\" content=\"1112\" \/>\n\t<meta property=\"og:image:height\" content=\"1195\" \/>\n\t<meta property=\"og:image:type\" content=\"image\/jpeg\" \/>\n<meta name=\"twitter:card\" content=\"summary_large_image\" \/>\n<script type=\"application\/ld+json\" class=\"yoast-schema-graph\">{\"@context\":\"https:\/\/schema.org\",\"@graph\":[{\"@type\":\"WebPage\",\"@id\":\"https:\/\/tabahome.com.tr\/urun\/elise-lambader\/\",\"url\":\"https:\/\/tabahome.com.tr\/urun\/elise-lambader\/\",\"name\":\"Elise Lambader - Taba Home\",\"isPartOf\":{\"@id\":\"https:\/\/tabahome.com.tr\/#website\"},\"primaryImageOfPage\":{\"@id\":\"https:\/\/tabahome.com.tr\/urun\/elise-lambader\/#primaryimage\"},\"image\":{\"@id\":\"https:\/\/tabahome.com.tr\/urun\/elise-lambader\/#primaryimage\"},\"thumbnailUrl\":\"https:\/\/tabahome.com.tr\/wp-content\/uploads\/2025\/05\/0205202568154c4be3d19.jpeg\",\"datePublished\":\"2025-05-03T13:15:37+00:00\",\"dateModified\":\"2026-04-15T11:33:40+00:00\",\"breadcrumb\":{\"@id\":\"https:\/\/tabahome.com.tr\/urun\/elise-lambader\/#breadcrumb\"},\"inLanguage\":\"en-GB\",\"potentialAction\":[{\"@type\":\"ReadAction\",\"target\":[\"https:\/\/tabahome.com.tr\/urun\/elise-lambader\/\"]}]},{\"@type\":\"ImageObject\",\"inLanguage\":\"en-GB\",\"@id\":\"https:\/\/tabahome.com.tr\/urun\/elise-lambader\/#primaryimage\",\"url\":\"https:\/\/tabahome.com.tr\/wp-content\/uploads\/2025\/05\/0205202568154c4be3d19.jpeg\",\"contentUrl\":\"https:\/\/tabahome.com.tr\/wp-content\/uploads\/2025\/05\/0205202568154c4be3d19.jpeg\",\"width\":1112,\"height\":1195},{\"@type\":\"BreadcrumbList\",\"@id\":\"https:\/\/tabahome.com.tr\/urun\/elise-lambader\/#breadcrumb\",\"itemListElement\":[{\"@type\":\"ListItem\",\"position\":1,\"name\":\"Anasayfa\",\"item\":\"https:\/\/tabahome.com.tr\/\"},{\"@type\":\"ListItem\",\"position\":2,\"name\":\"Ma\u011faza\",\"item\":\"https:\/\/tabahome.com.tr\/magaza\/\"},{\"@type\":\"ListItem\",\"position\":3,\"name\":\"Elise Lambader\"}]},{\"@type\":\"WebSite\",\"@id\":\"https:\/\/tabahome.com.tr\/#website\",\"url\":\"https:\/\/tabahome.com.tr\/\",\"name\":\"Taba Home\",\"description\":\"2025 Orta Sehpa Modelleri, Sehpa Modelleri, \u0130neg\u00f6l Mobilyas\u0131\",\"publisher\":{\"@id\":\"https:\/\/tabahome.com.tr\/#organization\"},\"potentialAction\":[{\"@type\":\"SearchAction\",\"target\":{\"@type\":\"EntryPoint\",\"urlTemplate\":\"https:\/\/tabahome.com.tr\/?s={search_term_string}\"},\"query-input\":{\"@type\":\"PropertyValueSpecification\",\"valueRequired\":true,\"valueName\":\"search_term_string\"}}],\"inLanguage\":\"en-GB\"},{\"@type\":\"Organization\",\"@id\":\"https:\/\/tabahome.com.tr\/#organization\",\"name\":\"Taba Home\",\"url\":\"https:\/\/tabahome.com.tr\/\",\"logo\":{\"@type\":\"ImageObject\",\"inLanguage\":\"en-GB\",\"@id\":\"https:\/\/tabahome.com.tr\/#\/schema\/logo\/image\/\",\"url\":\"https:\/\/tabahome.com.tr\/wp-content\/uploads\/2025\/05\/taba-home-logo.svg\",\"contentUrl\":\"https:\/\/tabahome.com.tr\/wp-content\/uploads\/2025\/05\/taba-home-logo.svg\",\"width\":1192,\"height\":551,\"caption\":\"Taba Home\"},\"image\":{\"@id\":\"https:\/\/tabahome.com.tr\/#\/schema\/logo\/image\/\"}}]}<\/script>\n<!-- \/ Yoast SEO plugin. -->","yoast_head_json":{"title":"Elise Lambader - Taba Home","robots":{"index":"index","follow":"follow","max-snippet":"max-snippet:-1","max-image-preview":"max-image-preview:large","max-video-preview":"max-video-preview:-1"},"canonical":"https:\/\/tabahome.com.tr\/en\/product\/elise-floor-lamp\/","og_locale":"en_GB","og_type":"article","og_title":"Elise Lambader - Taba Home","og_description":"Traverten taban lambam\u0131z, \u015f\u0131k ve modern bir tasar\u0131ma sahiptir. Pirin\u00e7 renkte metal g\u00f6vde ve kuma\u015f lamba ba\u015fl\u0131\u011f\u0131 ile hem dayan\u0131kl\u0131l\u0131k","og_url":"https:\/\/tabahome.com.tr\/en\/product\/elise-floor-lamp\/","og_site_name":"Taba Home","article_modified_time":"2026-04-15T11:33:40+00:00","og_image":[{"width":1112,"height":1195,"url":"https:\/\/tabahome.com.tr\/wp-content\/uploads\/2025\/05\/0205202568154c4be3d19.jpeg","type":"image\/jpeg"}],"twitter_card":"summary_large_image","schema":{"@context":"https:\/\/schema.org","@graph":[{"@type":"WebPage","@id":"https:\/\/tabahome.com.tr\/urun\/elise-lambader\/","url":"https:\/\/tabahome.com.tr\/urun\/elise-lambader\/","name":"Elise Lambader - Taba Home","isPartOf":{"@id":"https:\/\/tabahome.com.tr\/#website"},"primaryImageOfPage":{"@id":"https:\/\/tabahome.com.tr\/urun\/elise-lambader\/#primaryimage"},"image":{"@id":"https:\/\/tabahome.com.tr\/urun\/elise-lambader\/#primaryimage"},"thumbnailUrl":"https:\/\/tabahome.com.tr\/wp-content\/uploads\/2025\/05\/0205202568154c4be3d19.jpeg","datePublished":"2025-05-03T13:15:37+00:00","dateModified":"2026-04-15T11:33:40+00:00","breadcrumb":{"@id":"https:\/\/tabahome.com.tr\/urun\/elise-lambader\/#breadcrumb"},"inLanguage":"en-GB","potentialAction":[{"@type":"ReadAction","target":["https:\/\/tabahome.com.tr\/urun\/elise-lambader\/"]}]},{"@type":"ImageObject","inLanguage":"en-GB","@id":"https:\/\/tabahome.com.tr\/urun\/elise-lambader\/#primaryimage","url":"https:\/\/tabahome.com.tr\/wp-content\/uploads\/2025\/05\/0205202568154c4be3d19.jpeg","contentUrl":"https:\/\/tabahome.com.tr\/wp-content\/uploads\/2025\/05\/0205202568154c4be3d19.jpeg","width":1112,"height":1195},{"@type":"BreadcrumbList","@id":"https:\/\/tabahome.com.tr\/urun\/elise-lambader\/#breadcrumb","itemListElement":[{"@type":"ListItem","position":1,"name":"Anasayfa","item":"https:\/\/tabahome.com.tr\/"},{"@type":"ListItem","position":2,"name":"Ma\u011faza","item":"https:\/\/tabahome.com.tr\/magaza\/"},{"@type":"ListItem","position":3,"name":"Elise Lambader"}]},{"@type":"WebSite","@id":"https:\/\/tabahome.com.tr\/#website","url":"https:\/\/tabahome.com.tr\/","name":"Taba Home","description":"2025 Orta Sehpa Modelleri, Sehpa Modelleri, \u0130neg\u00f6l Mobilyas\u0131","publisher":{"@id":"https:\/\/tabahome.com.tr\/#organization"},"potentialAction":[{"@type":"SearchAction","target":{"@type":"EntryPoint","urlTemplate":"https:\/\/tabahome.com.tr\/?s={search_term_string}"},"query-input":{"@type":"PropertyValueSpecification","valueRequired":true,"valueName":"search_term_string"}}],"inLanguage":"en-GB"},{"@type":"Organization","@id":"https:\/\/tabahome.com.tr\/#organization","name":"Taba Home","url":"https:\/\/tabahome.com.tr\/","logo":{"@type":"ImageObject","inLanguage":"en-GB","@id":"https:\/\/tabahome.com.tr\/#\/schema\/logo\/image\/","url":"https:\/\/tabahome.com.tr\/wp-content\/uploads\/2025\/05\/taba-home-logo.svg","contentUrl":"https:\/\/tabahome.com.tr\/wp-content\/uploads\/2025\/05\/taba-home-logo.svg","width":1192,"height":551,"caption":"Taba Home"},"image":{"@id":"https:\/\/tabahome.com.tr\/#\/schema\/logo\/image\/"}}]}},"_links":{"self":[{"href":"https:\/\/tabahome.com.tr\/en\/wp-json\/wp\/v2\/product\/2193","targetHints":{"allow":["GET"]}}],"collection":[{"href":"https:\/\/tabahome.com.tr\/en\/wp-json\/wp\/v2\/product"}],"about":[{"href":"https:\/\/tabahome.com.tr\/en\/wp-json\/wp\/v2\/types\/product"}],"wp:featuredmedia":[{"embeddable":true,"href":"https:\/\/tabahome.com.tr\/en\/wp-json\/wp\/v2\/media\/414"}],"wp:attachment":[{"href":"https:\/\/tabahome.com.tr\/en\/wp-json\/wp\/v2\/media?parent=2193"}],"wp:term":[{"taxonomy":"product_brand","embeddable":true,"href":"https:\/\/tabahome.com.tr\/en\/wp-json\/wp\/v2\/product_brand?post=2193"},{"taxonomy":"product_cat","embeddable":true,"href":"https:\/\/tabahome.com.tr\/en\/wp-json\/wp\/v2\/product_cat?post=2193"},{"taxonomy":"product_tag","embeddable":true,"href":"https:\/\/tabahome.com.tr\/en\/wp-json\/wp\/v2\/product_tag?post=2193"}],"curies":[{"name":"wp","href":"https:\/\/api.w.org\/{rel}","templated":true}]}}