{"id":2219,"date":"2025-05-03T13:15:47","date_gmt":"2025-05-03T13:15:47","guid":{"rendered":"https:\/\/tabahome.com.tr\/urun\/trio-orta-sehpa-amerikan\/"},"modified":"2026-04-16T11:34:30","modified_gmt":"2026-04-16T11:34:30","slug":"trio-orta-sehpa-amerikan","status":"publish","type":"product","link":"https:\/\/tabahome.com.tr\/en\/product\/trio-centre-coffee-table-american\/","title":{"rendered":"Trio Centre Coffee Table (American)"},"content":{"rendered":"<p>The legs move outwards and inwards, allowing you to use them as your single table or 3 separate tables if required. The legs are made of metal or polished brass and the top layer is made of MDF travertine print. <\/p>\n<table class=\"spec\">\n<tr>\n<td><strong>Colour<\/strong><\/td>\n<td>Walnut<\/td>\n<\/tr>\n<tr>\n<td><strong>Foot Load<\/strong><\/td>\n<td>49 cm<\/td>\n<\/tr>\n<tr>\n<td><strong>Guarantee<\/strong><\/td>\n<td>2 Years<\/td>\n<\/tr>\n<\/table>","protected":false},"excerpt":{"rendered":"<p>The legs move outwards and inwards, allowing you to use them as your single table or 3 separate tables if required. Legs<\/p>","protected":false},"featured_media":288,"template":"","meta":[],"product_brand":[],"product_cat":[25],"product_tag":[],"class_list":{"0":"post-2219","1":"product","2":"type-product","3":"status-publish","4":"has-post-thumbnail","6":"product_cat-orta-sehpa","8":"first","9":"instock","10":"shipping-taxable","11":"purchasable","12":"product-type-simple"},"yoast_head":"<!-- This site is optimized with the Yoast SEO plugin v25.0 - https:\/\/yoast.com\/wordpress\/plugins\/seo\/ -->\n<title>Trio Orta Sehpa (Amerikan) - Taba Home<\/title>\n<meta name=\"robots\" content=\"index, follow, max-snippet:-1, max-image-preview:large, max-video-preview:-1\" \/>\n<link rel=\"canonical\" href=\"https:\/\/tabahome.com.tr\/en\/product\/trio-centre-coffee-table-american\/\" \/>\n<meta property=\"og:locale\" content=\"en_GB\" \/>\n<meta property=\"og:type\" content=\"article\" \/>\n<meta property=\"og:title\" content=\"Trio Orta Sehpa (Amerikan) - Taba Home\" \/>\n<meta property=\"og:description\" content=\"Bacaklar d\u0131\u015fa ve i\u00e7e do\u011fru hareket ederek bunlar\u0131 tekli masan\u0131z veya gerekti\u011finde 3 ayr\u0131 masa olarak kullanman\u0131za olanak tan\u0131r. Ayaklar\" \/>\n<meta property=\"og:url\" content=\"https:\/\/tabahome.com.tr\/en\/product\/trio-centre-coffee-table-american\/\" \/>\n<meta property=\"og:site_name\" content=\"Taba Home\" \/>\n<meta property=\"article:modified_time\" content=\"2026-04-16T11:34:30+00:00\" \/>\n<meta property=\"og:image\" content=\"https:\/\/tabahome.com.tr\/wp-content\/uploads\/2025\/05\/0205202568154b6405cd5.jpeg\" \/>\n\t<meta property=\"og:image:width\" content=\"1615\" \/>\n\t<meta property=\"og:image:height\" content=\"1737\" \/>\n\t<meta property=\"og:image:type\" content=\"image\/jpeg\" \/>\n<meta name=\"twitter:card\" content=\"summary_large_image\" \/>\n<script type=\"application\/ld+json\" class=\"yoast-schema-graph\">{\"@context\":\"https:\/\/schema.org\",\"@graph\":[{\"@type\":\"WebPage\",\"@id\":\"https:\/\/tabahome.com.tr\/urun\/trio-orta-sehpa-amerikan\/\",\"url\":\"https:\/\/tabahome.com.tr\/urun\/trio-orta-sehpa-amerikan\/\",\"name\":\"Trio Orta Sehpa (Amerikan) - Taba Home\",\"isPartOf\":{\"@id\":\"https:\/\/tabahome.com.tr\/#website\"},\"primaryImageOfPage\":{\"@id\":\"https:\/\/tabahome.com.tr\/urun\/trio-orta-sehpa-amerikan\/#primaryimage\"},\"image\":{\"@id\":\"https:\/\/tabahome.com.tr\/urun\/trio-orta-sehpa-amerikan\/#primaryimage\"},\"thumbnailUrl\":\"https:\/\/tabahome.com.tr\/wp-content\/uploads\/2025\/05\/0205202568154b6405cd5.jpeg\",\"datePublished\":\"2025-05-03T13:15:47+00:00\",\"dateModified\":\"2026-04-16T11:34:30+00:00\",\"breadcrumb\":{\"@id\":\"https:\/\/tabahome.com.tr\/urun\/trio-orta-sehpa-amerikan\/#breadcrumb\"},\"inLanguage\":\"en-GB\",\"potentialAction\":[{\"@type\":\"ReadAction\",\"target\":[\"https:\/\/tabahome.com.tr\/urun\/trio-orta-sehpa-amerikan\/\"]}]},{\"@type\":\"ImageObject\",\"inLanguage\":\"en-GB\",\"@id\":\"https:\/\/tabahome.com.tr\/urun\/trio-orta-sehpa-amerikan\/#primaryimage\",\"url\":\"https:\/\/tabahome.com.tr\/wp-content\/uploads\/2025\/05\/0205202568154b6405cd5.jpeg\",\"contentUrl\":\"https:\/\/tabahome.com.tr\/wp-content\/uploads\/2025\/05\/0205202568154b6405cd5.jpeg\",\"width\":1615,\"height\":1737},{\"@type\":\"BreadcrumbList\",\"@id\":\"https:\/\/tabahome.com.tr\/urun\/trio-orta-sehpa-amerikan\/#breadcrumb\",\"itemListElement\":[{\"@type\":\"ListItem\",\"position\":1,\"name\":\"Anasayfa\",\"item\":\"https:\/\/tabahome.com.tr\/\"},{\"@type\":\"ListItem\",\"position\":2,\"name\":\"Ma\u011faza\",\"item\":\"https:\/\/tabahome.com.tr\/magaza\/\"},{\"@type\":\"ListItem\",\"position\":3,\"name\":\"Trio Orta Sehpa (Amerikan)\"}]},{\"@type\":\"WebSite\",\"@id\":\"https:\/\/tabahome.com.tr\/#website\",\"url\":\"https:\/\/tabahome.com.tr\/\",\"name\":\"Taba Home\",\"description\":\"2025 Orta Sehpa Modelleri, Sehpa Modelleri, \u0130neg\u00f6l Mobilyas\u0131\",\"publisher\":{\"@id\":\"https:\/\/tabahome.com.tr\/#organization\"},\"potentialAction\":[{\"@type\":\"SearchAction\",\"target\":{\"@type\":\"EntryPoint\",\"urlTemplate\":\"https:\/\/tabahome.com.tr\/?s={search_term_string}\"},\"query-input\":{\"@type\":\"PropertyValueSpecification\",\"valueRequired\":true,\"valueName\":\"search_term_string\"}}],\"inLanguage\":\"en-GB\"},{\"@type\":\"Organization\",\"@id\":\"https:\/\/tabahome.com.tr\/#organization\",\"name\":\"Taba Home\",\"url\":\"https:\/\/tabahome.com.tr\/\",\"logo\":{\"@type\":\"ImageObject\",\"inLanguage\":\"en-GB\",\"@id\":\"https:\/\/tabahome.com.tr\/#\/schema\/logo\/image\/\",\"url\":\"https:\/\/tabahome.com.tr\/wp-content\/uploads\/2025\/05\/taba-home-logo.svg\",\"contentUrl\":\"https:\/\/tabahome.com.tr\/wp-content\/uploads\/2025\/05\/taba-home-logo.svg\",\"width\":1192,\"height\":551,\"caption\":\"Taba Home\"},\"image\":{\"@id\":\"https:\/\/tabahome.com.tr\/#\/schema\/logo\/image\/\"}}]}<\/script>\n<!-- \/ Yoast SEO plugin. -->","yoast_head_json":{"title":"Trio Orta Sehpa (Amerikan) - Taba Home","robots":{"index":"index","follow":"follow","max-snippet":"max-snippet:-1","max-image-preview":"max-image-preview:large","max-video-preview":"max-video-preview:-1"},"canonical":"https:\/\/tabahome.com.tr\/en\/product\/trio-centre-coffee-table-american\/","og_locale":"en_GB","og_type":"article","og_title":"Trio Orta Sehpa (Amerikan) - Taba Home","og_description":"Bacaklar d\u0131\u015fa ve i\u00e7e do\u011fru hareket ederek bunlar\u0131 tekli masan\u0131z veya gerekti\u011finde 3 ayr\u0131 masa olarak kullanman\u0131za olanak tan\u0131r. Ayaklar","og_url":"https:\/\/tabahome.com.tr\/en\/product\/trio-centre-coffee-table-american\/","og_site_name":"Taba Home","article_modified_time":"2026-04-16T11:34:30+00:00","og_image":[{"width":1615,"height":1737,"url":"https:\/\/tabahome.com.tr\/wp-content\/uploads\/2025\/05\/0205202568154b6405cd5.jpeg","type":"image\/jpeg"}],"twitter_card":"summary_large_image","schema":{"@context":"https:\/\/schema.org","@graph":[{"@type":"WebPage","@id":"https:\/\/tabahome.com.tr\/urun\/trio-orta-sehpa-amerikan\/","url":"https:\/\/tabahome.com.tr\/urun\/trio-orta-sehpa-amerikan\/","name":"Trio Orta Sehpa (Amerikan) - Taba Home","isPartOf":{"@id":"https:\/\/tabahome.com.tr\/#website"},"primaryImageOfPage":{"@id":"https:\/\/tabahome.com.tr\/urun\/trio-orta-sehpa-amerikan\/#primaryimage"},"image":{"@id":"https:\/\/tabahome.com.tr\/urun\/trio-orta-sehpa-amerikan\/#primaryimage"},"thumbnailUrl":"https:\/\/tabahome.com.tr\/wp-content\/uploads\/2025\/05\/0205202568154b6405cd5.jpeg","datePublished":"2025-05-03T13:15:47+00:00","dateModified":"2026-04-16T11:34:30+00:00","breadcrumb":{"@id":"https:\/\/tabahome.com.tr\/urun\/trio-orta-sehpa-amerikan\/#breadcrumb"},"inLanguage":"en-GB","potentialAction":[{"@type":"ReadAction","target":["https:\/\/tabahome.com.tr\/urun\/trio-orta-sehpa-amerikan\/"]}]},{"@type":"ImageObject","inLanguage":"en-GB","@id":"https:\/\/tabahome.com.tr\/urun\/trio-orta-sehpa-amerikan\/#primaryimage","url":"https:\/\/tabahome.com.tr\/wp-content\/uploads\/2025\/05\/0205202568154b6405cd5.jpeg","contentUrl":"https:\/\/tabahome.com.tr\/wp-content\/uploads\/2025\/05\/0205202568154b6405cd5.jpeg","width":1615,"height":1737},{"@type":"BreadcrumbList","@id":"https:\/\/tabahome.com.tr\/urun\/trio-orta-sehpa-amerikan\/#breadcrumb","itemListElement":[{"@type":"ListItem","position":1,"name":"Anasayfa","item":"https:\/\/tabahome.com.tr\/"},{"@type":"ListItem","position":2,"name":"Ma\u011faza","item":"https:\/\/tabahome.com.tr\/magaza\/"},{"@type":"ListItem","position":3,"name":"Trio Orta Sehpa (Amerikan)"}]},{"@type":"WebSite","@id":"https:\/\/tabahome.com.tr\/#website","url":"https:\/\/tabahome.com.tr\/","name":"Taba Home","description":"2025 Orta Sehpa Modelleri, Sehpa Modelleri, \u0130neg\u00f6l Mobilyas\u0131","publisher":{"@id":"https:\/\/tabahome.com.tr\/#organization"},"potentialAction":[{"@type":"SearchAction","target":{"@type":"EntryPoint","urlTemplate":"https:\/\/tabahome.com.tr\/?s={search_term_string}"},"query-input":{"@type":"PropertyValueSpecification","valueRequired":true,"valueName":"search_term_string"}}],"inLanguage":"en-GB"},{"@type":"Organization","@id":"https:\/\/tabahome.com.tr\/#organization","name":"Taba Home","url":"https:\/\/tabahome.com.tr\/","logo":{"@type":"ImageObject","inLanguage":"en-GB","@id":"https:\/\/tabahome.com.tr\/#\/schema\/logo\/image\/","url":"https:\/\/tabahome.com.tr\/wp-content\/uploads\/2025\/05\/taba-home-logo.svg","contentUrl":"https:\/\/tabahome.com.tr\/wp-content\/uploads\/2025\/05\/taba-home-logo.svg","width":1192,"height":551,"caption":"Taba Home"},"image":{"@id":"https:\/\/tabahome.com.tr\/#\/schema\/logo\/image\/"}}]}},"_links":{"self":[{"href":"https:\/\/tabahome.com.tr\/en\/wp-json\/wp\/v2\/product\/2219","targetHints":{"allow":["GET"]}}],"collection":[{"href":"https:\/\/tabahome.com.tr\/en\/wp-json\/wp\/v2\/product"}],"about":[{"href":"https:\/\/tabahome.com.tr\/en\/wp-json\/wp\/v2\/types\/product"}],"wp:featuredmedia":[{"embeddable":true,"href":"https:\/\/tabahome.com.tr\/en\/wp-json\/wp\/v2\/media\/288"}],"wp:attachment":[{"href":"https:\/\/tabahome.com.tr\/en\/wp-json\/wp\/v2\/media?parent=2219"}],"wp:term":[{"taxonomy":"product_brand","embeddable":true,"href":"https:\/\/tabahome.com.tr\/en\/wp-json\/wp\/v2\/product_brand?post=2219"},{"taxonomy":"product_cat","embeddable":true,"href":"https:\/\/tabahome.com.tr\/en\/wp-json\/wp\/v2\/product_cat?post=2219"},{"taxonomy":"product_tag","embeddable":true,"href":"https:\/\/tabahome.com.tr\/en\/wp-json\/wp\/v2\/product_tag?post=2219"}],"curies":[{"name":"wp","href":"https:\/\/api.w.org\/{rel}","templated":true}]}}