{"id":2280,"date":"2025-05-03T13:16:18","date_gmt":"2025-05-03T13:16:18","guid":{"rendered":"https:\/\/tabahome.com.tr\/urun\/prada-zigon-sehpa-vizon\/"},"modified":"2026-05-01T12:25:30","modified_gmt":"2026-05-01T12:25:30","slug":"prada-zigon-sehpa-vizon","status":"publish","type":"product","link":"https:\/\/tabahome.com.tr\/en\/product\/prada-zigon-coffee-table-mink\/","title":{"rendered":"Prada Zigon Coffee Table (Mink)"},"content":{"rendered":"<p>The ultimate space-saving solution for any room! These tables have a unique design that allows them to fit together when not in use, saving you valuable floor space. The set includes multiple tables in different sizes, making them perfect for any occasion. They can be used as a side table, coffee table or even a coffee table.<\/p>\n<table class=\"spec\">\n<tr>\n<td><strong>Colour<\/strong><\/td>\n<td>Mink<\/td>\n<\/tr>\n<tr>\n<td><strong>Foot Load<\/strong><\/td>\n<td>54 cm<\/td>\n<\/tr>\n<tr>\n<td><strong>Guarantee<\/strong><\/td>\n<td>2 Years<\/td>\n<\/tr>\n<\/table>","protected":false},"excerpt":{"rendered":"<p>The ultimate space-saving solution for any room! These tables are the ultimate space saver, allowing them to come together when not in use and saving valuable floor space.<\/p>","protected":false},"featured_media":508,"template":"","meta":[],"product_brand":[],"product_cat":[26],"product_tag":[],"class_list":{"0":"post-2280","1":"product","2":"type-product","3":"status-publish","4":"has-post-thumbnail","6":"product_cat-zigon-sehpa","8":"first","9":"instock","10":"shipping-taxable","11":"purchasable","12":"product-type-simple"},"yoast_head":"<!-- This site is optimized with the Yoast SEO plugin v25.0 - https:\/\/yoast.com\/wordpress\/plugins\/seo\/ -->\n<title>Prada Zigon Sehpa (Vizon) - Taba Home<\/title>\n<meta name=\"robots\" content=\"index, follow, max-snippet:-1, max-image-preview:large, max-video-preview:-1\" \/>\n<link rel=\"canonical\" href=\"https:\/\/tabahome.com.tr\/en\/product\/prada-zigon-coffee-table-mink\/\" \/>\n<meta property=\"og:locale\" content=\"en_GB\" \/>\n<meta property=\"og:type\" content=\"article\" \/>\n<meta property=\"og:title\" content=\"Prada Zigon Sehpa (Vizon) - Taba Home\" \/>\n<meta property=\"og:description\" content=\"Her oda i\u00e7in yerden tasarruf sa\u011flayan nihai \u00e7\u00f6z\u00fcm! Bu masalar, kullan\u0131lmad\u0131klar\u0131nda bir araya gelmelerine olanak tan\u0131yan ve de\u011ferli zemin alan\u0131ndan\" \/>\n<meta property=\"og:url\" content=\"https:\/\/tabahome.com.tr\/en\/product\/prada-zigon-coffee-table-mink\/\" \/>\n<meta property=\"og:site_name\" content=\"Taba Home\" \/>\n<meta property=\"article:modified_time\" content=\"2026-05-01T12:25:30+00:00\" \/>\n<meta property=\"og:image\" content=\"https:\/\/tabahome.com.tr\/wp-content\/uploads\/2025\/05\/0205202568154ce2f195e.jpeg\" \/>\n\t<meta property=\"og:image:width\" content=\"1320\" \/>\n\t<meta property=\"og:image:height\" content=\"1419\" \/>\n\t<meta property=\"og:image:type\" content=\"image\/jpeg\" \/>\n<meta name=\"twitter:card\" content=\"summary_large_image\" \/>\n<script type=\"application\/ld+json\" class=\"yoast-schema-graph\">{\"@context\":\"https:\/\/schema.org\",\"@graph\":[{\"@type\":\"WebPage\",\"@id\":\"https:\/\/tabahome.com.tr\/urun\/prada-zigon-sehpa-vizon\/\",\"url\":\"https:\/\/tabahome.com.tr\/urun\/prada-zigon-sehpa-vizon\/\",\"name\":\"Prada Zigon Sehpa (Vizon) - Taba Home\",\"isPartOf\":{\"@id\":\"https:\/\/tabahome.com.tr\/#website\"},\"primaryImageOfPage\":{\"@id\":\"https:\/\/tabahome.com.tr\/urun\/prada-zigon-sehpa-vizon\/#primaryimage\"},\"image\":{\"@id\":\"https:\/\/tabahome.com.tr\/urun\/prada-zigon-sehpa-vizon\/#primaryimage\"},\"thumbnailUrl\":\"https:\/\/tabahome.com.tr\/wp-content\/uploads\/2025\/05\/0205202568154ce2f195e.jpeg\",\"datePublished\":\"2025-05-03T13:16:18+00:00\",\"dateModified\":\"2026-05-01T12:25:30+00:00\",\"breadcrumb\":{\"@id\":\"https:\/\/tabahome.com.tr\/urun\/prada-zigon-sehpa-vizon\/#breadcrumb\"},\"inLanguage\":\"en-GB\",\"potentialAction\":[{\"@type\":\"ReadAction\",\"target\":[\"https:\/\/tabahome.com.tr\/urun\/prada-zigon-sehpa-vizon\/\"]}]},{\"@type\":\"ImageObject\",\"inLanguage\":\"en-GB\",\"@id\":\"https:\/\/tabahome.com.tr\/urun\/prada-zigon-sehpa-vizon\/#primaryimage\",\"url\":\"https:\/\/tabahome.com.tr\/wp-content\/uploads\/2025\/05\/0205202568154ce2f195e.jpeg\",\"contentUrl\":\"https:\/\/tabahome.com.tr\/wp-content\/uploads\/2025\/05\/0205202568154ce2f195e.jpeg\",\"width\":1320,\"height\":1419},{\"@type\":\"BreadcrumbList\",\"@id\":\"https:\/\/tabahome.com.tr\/urun\/prada-zigon-sehpa-vizon\/#breadcrumb\",\"itemListElement\":[{\"@type\":\"ListItem\",\"position\":1,\"name\":\"Anasayfa\",\"item\":\"https:\/\/tabahome.com.tr\/\"},{\"@type\":\"ListItem\",\"position\":2,\"name\":\"Ma\u011faza\",\"item\":\"https:\/\/tabahome.com.tr\/magaza\/\"},{\"@type\":\"ListItem\",\"position\":3,\"name\":\"Prada Zigon Sehpa (Vizon)\"}]},{\"@type\":\"WebSite\",\"@id\":\"https:\/\/tabahome.com.tr\/#website\",\"url\":\"https:\/\/tabahome.com.tr\/\",\"name\":\"Taba Home\",\"description\":\"2025 Orta Sehpa Modelleri, Sehpa Modelleri, \u0130neg\u00f6l Mobilyas\u0131\",\"publisher\":{\"@id\":\"https:\/\/tabahome.com.tr\/#organization\"},\"potentialAction\":[{\"@type\":\"SearchAction\",\"target\":{\"@type\":\"EntryPoint\",\"urlTemplate\":\"https:\/\/tabahome.com.tr\/?s={search_term_string}\"},\"query-input\":{\"@type\":\"PropertyValueSpecification\",\"valueRequired\":true,\"valueName\":\"search_term_string\"}}],\"inLanguage\":\"en-GB\"},{\"@type\":\"Organization\",\"@id\":\"https:\/\/tabahome.com.tr\/#organization\",\"name\":\"Taba Home\",\"url\":\"https:\/\/tabahome.com.tr\/\",\"logo\":{\"@type\":\"ImageObject\",\"inLanguage\":\"en-GB\",\"@id\":\"https:\/\/tabahome.com.tr\/#\/schema\/logo\/image\/\",\"url\":\"https:\/\/tabahome.com.tr\/wp-content\/uploads\/2025\/05\/taba-home-logo.svg\",\"contentUrl\":\"https:\/\/tabahome.com.tr\/wp-content\/uploads\/2025\/05\/taba-home-logo.svg\",\"width\":1192,\"height\":551,\"caption\":\"Taba Home\"},\"image\":{\"@id\":\"https:\/\/tabahome.com.tr\/#\/schema\/logo\/image\/\"}}]}<\/script>\n<!-- \/ Yoast SEO plugin. -->","yoast_head_json":{"title":"Prada Zigon Sehpa (Vizon) - Taba Home","robots":{"index":"index","follow":"follow","max-snippet":"max-snippet:-1","max-image-preview":"max-image-preview:large","max-video-preview":"max-video-preview:-1"},"canonical":"https:\/\/tabahome.com.tr\/en\/product\/prada-zigon-coffee-table-mink\/","og_locale":"en_GB","og_type":"article","og_title":"Prada Zigon Sehpa (Vizon) - Taba Home","og_description":"Her oda i\u00e7in yerden tasarruf sa\u011flayan nihai \u00e7\u00f6z\u00fcm! Bu masalar, kullan\u0131lmad\u0131klar\u0131nda bir araya gelmelerine olanak tan\u0131yan ve de\u011ferli zemin alan\u0131ndan","og_url":"https:\/\/tabahome.com.tr\/en\/product\/prada-zigon-coffee-table-mink\/","og_site_name":"Taba Home","article_modified_time":"2026-05-01T12:25:30+00:00","og_image":[{"width":1320,"height":1419,"url":"https:\/\/tabahome.com.tr\/wp-content\/uploads\/2025\/05\/0205202568154ce2f195e.jpeg","type":"image\/jpeg"}],"twitter_card":"summary_large_image","schema":{"@context":"https:\/\/schema.org","@graph":[{"@type":"WebPage","@id":"https:\/\/tabahome.com.tr\/urun\/prada-zigon-sehpa-vizon\/","url":"https:\/\/tabahome.com.tr\/urun\/prada-zigon-sehpa-vizon\/","name":"Prada Zigon Sehpa (Vizon) - Taba Home","isPartOf":{"@id":"https:\/\/tabahome.com.tr\/#website"},"primaryImageOfPage":{"@id":"https:\/\/tabahome.com.tr\/urun\/prada-zigon-sehpa-vizon\/#primaryimage"},"image":{"@id":"https:\/\/tabahome.com.tr\/urun\/prada-zigon-sehpa-vizon\/#primaryimage"},"thumbnailUrl":"https:\/\/tabahome.com.tr\/wp-content\/uploads\/2025\/05\/0205202568154ce2f195e.jpeg","datePublished":"2025-05-03T13:16:18+00:00","dateModified":"2026-05-01T12:25:30+00:00","breadcrumb":{"@id":"https:\/\/tabahome.com.tr\/urun\/prada-zigon-sehpa-vizon\/#breadcrumb"},"inLanguage":"en-GB","potentialAction":[{"@type":"ReadAction","target":["https:\/\/tabahome.com.tr\/urun\/prada-zigon-sehpa-vizon\/"]}]},{"@type":"ImageObject","inLanguage":"en-GB","@id":"https:\/\/tabahome.com.tr\/urun\/prada-zigon-sehpa-vizon\/#primaryimage","url":"https:\/\/tabahome.com.tr\/wp-content\/uploads\/2025\/05\/0205202568154ce2f195e.jpeg","contentUrl":"https:\/\/tabahome.com.tr\/wp-content\/uploads\/2025\/05\/0205202568154ce2f195e.jpeg","width":1320,"height":1419},{"@type":"BreadcrumbList","@id":"https:\/\/tabahome.com.tr\/urun\/prada-zigon-sehpa-vizon\/#breadcrumb","itemListElement":[{"@type":"ListItem","position":1,"name":"Anasayfa","item":"https:\/\/tabahome.com.tr\/"},{"@type":"ListItem","position":2,"name":"Ma\u011faza","item":"https:\/\/tabahome.com.tr\/magaza\/"},{"@type":"ListItem","position":3,"name":"Prada Zigon Sehpa (Vizon)"}]},{"@type":"WebSite","@id":"https:\/\/tabahome.com.tr\/#website","url":"https:\/\/tabahome.com.tr\/","name":"Taba Home","description":"2025 Orta Sehpa Modelleri, Sehpa Modelleri, \u0130neg\u00f6l Mobilyas\u0131","publisher":{"@id":"https:\/\/tabahome.com.tr\/#organization"},"potentialAction":[{"@type":"SearchAction","target":{"@type":"EntryPoint","urlTemplate":"https:\/\/tabahome.com.tr\/?s={search_term_string}"},"query-input":{"@type":"PropertyValueSpecification","valueRequired":true,"valueName":"search_term_string"}}],"inLanguage":"en-GB"},{"@type":"Organization","@id":"https:\/\/tabahome.com.tr\/#organization","name":"Taba Home","url":"https:\/\/tabahome.com.tr\/","logo":{"@type":"ImageObject","inLanguage":"en-GB","@id":"https:\/\/tabahome.com.tr\/#\/schema\/logo\/image\/","url":"https:\/\/tabahome.com.tr\/wp-content\/uploads\/2025\/05\/taba-home-logo.svg","contentUrl":"https:\/\/tabahome.com.tr\/wp-content\/uploads\/2025\/05\/taba-home-logo.svg","width":1192,"height":551,"caption":"Taba Home"},"image":{"@id":"https:\/\/tabahome.com.tr\/#\/schema\/logo\/image\/"}}]}},"_links":{"self":[{"href":"https:\/\/tabahome.com.tr\/en\/wp-json\/wp\/v2\/product\/2280","targetHints":{"allow":["GET"]}}],"collection":[{"href":"https:\/\/tabahome.com.tr\/en\/wp-json\/wp\/v2\/product"}],"about":[{"href":"https:\/\/tabahome.com.tr\/en\/wp-json\/wp\/v2\/types\/product"}],"wp:featuredmedia":[{"embeddable":true,"href":"https:\/\/tabahome.com.tr\/en\/wp-json\/wp\/v2\/media\/508"}],"wp:attachment":[{"href":"https:\/\/tabahome.com.tr\/en\/wp-json\/wp\/v2\/media?parent=2280"}],"wp:term":[{"taxonomy":"product_brand","embeddable":true,"href":"https:\/\/tabahome.com.tr\/en\/wp-json\/wp\/v2\/product_brand?post=2280"},{"taxonomy":"product_cat","embeddable":true,"href":"https:\/\/tabahome.com.tr\/en\/wp-json\/wp\/v2\/product_cat?post=2280"},{"taxonomy":"product_tag","embeddable":true,"href":"https:\/\/tabahome.com.tr\/en\/wp-json\/wp\/v2\/product_tag?post=2280"}],"curies":[{"name":"wp","href":"https:\/\/api.w.org\/{rel}","templated":true}]}}